{"id":21,"date":"2026-02-05T17:41:41","date_gmt":"2026-02-05T16:41:41","guid":{"rendered":"https:\/\/rent4team.com\/?page_id=21"},"modified":"2026-05-13T12:45:50","modified_gmt":"2026-05-13T10:45:50","slug":"ankommen-ausruhen-gut-wohnen-2","status":"publish","type":"page","link":"https:\/\/rent4team.com\/","title":{"rendered":"Ankommen. Ausruhen. Gut wohnen."},"content":{"rendered":"\t\t<div data-elementor-type=\"wp-page\" data-elementor-id=\"21\" class=\"elementor elementor-21\">\n\t\t\t\t<div class=\"elementor-element elementor-element-40d121c e-flex e-con-boxed e-con e-parent\" data-id=\"40d121c\" data-element_type=\"container\" data-e-type=\"container\" data-settings=\"{&quot;background_background&quot;:&quot;slideshow&quot;,&quot;background_slideshow_gallery&quot;:[{&quot;id&quot;:84,&quot;url&quot;:&quot;https:\\\/\\\/rent4team.com\\\/wp-content\\\/uploads\\\/2026\\\/05\\\/eddie_lee_kr-house-4786769_1920.jpg&quot;},{&quot;id&quot;:47,&quot;url&quot;:&quot;https:\\\/\\\/rent4team.com\\\/wp-content\\\/uploads\\\/2026\\\/02\\\/ChatGPT-Image-6.-Feb.-2026-12_27_32-1.png&quot;},{&quot;id&quot;:46,&quot;url&quot;:&quot;https:\\\/\\\/rent4team.com\\\/wp-content\\\/uploads\\\/2026\\\/02\\\/Screenshot-2026-02-05-194601.png&quot;},{&quot;id&quot;:42,&quot;url&quot;:&quot;https:\\\/\\\/rent4team.com\\\/wp-content\\\/uploads\\\/2026\\\/02\\\/1-pokoj.jpg&quot;},{&quot;id&quot;:40,&quot;url&quot;:&quot;https:\\\/\\\/rent4team.com\\\/wp-content\\\/uploads\\\/2026\\\/02\\\/ChatGPT-Image-6.-Feb.-2026-12_10_44.png&quot;}],&quot;background_slideshow_loop&quot;:&quot;yes&quot;,&quot;background_slideshow_slide_duration&quot;:5000,&quot;background_slideshow_slide_transition&quot;:&quot;fade&quot;,&quot;background_slideshow_transition_duration&quot;:500}\">\n\t\t\t\t\t<div class=\"e-con-inner\">\n\t\t\t\t<div class=\"elementor-element elementor-element-5ed7d31 elementor-widget elementor-widget-text-editor\" data-id=\"5ed7d31\" data-element_type=\"widget\" data-e-type=\"widget\" data-widget_type=\"text-editor.default\">\n\t\t\t\t\t\t\t\t\t<h1 class=\"wp-block-heading\">Unterk\u00fcnfte f\u00fcr Monteure \u2013 bundesweit.<\/h1>\n<p><!-- \/wp:heading --><!-- wp:paragraph --><\/p>\n<h4>Wir vermitteln komfortable, voll ausgestattete Zimmer und Apartments<br \/>f\u00fcr Monteure, Projektteams und Unternehmen in ganz Deutschland.<\/h4>\n<p><!-- \/wp:paragraph --><!-- wp:paragraph --><\/p>\n<h4>Unser Fokus liegt auf zuverl\u00e4ssiger Koordination, klaren Bedingungen<br \/>und schnellen L\u00f6sungen \u2013 auch bei kurzfristigem Bedarf.<\/h4>\t\t\t\t\t\t\t\t<\/div>\n\t\t\t\t\t<\/div>\n\t\t\t\t<\/div>\n\t\t\t\t<\/div>\n\t\t","protected":false},"excerpt":{"rendered":"<p>Unterk\u00fcnfte f\u00fcr Monteure \u2013 bundesweit. Wir vermitteln komfortable, voll ausgestattete Zimmer und Apartmentsf\u00fcr Monteure, Projektteams und Unternehmen in ganz Deutschland. Unser Fokus liegt auf zuverl\u00e4ssiger Koordination, klaren Bedingungenund schnellen L\u00f6sungen \u2013 auch bei kurzfristigem Bedarf.<\/p>\n","protected":false},"author":1,"featured_media":0,"parent":0,"menu_order":0,"comment_status":"closed","ping_status":"closed","template":"elementor_header_footer","meta":{"footnotes":""},"class_list":["post-21","page","type-page","status-publish","hentry"],"_links":{"self":[{"href":"https:\/\/rent4team.com\/index.php?rest_route=\/wp\/v2\/pages\/21","targetHints":{"allow":["GET"]}}],"collection":[{"href":"https:\/\/rent4team.com\/index.php?rest_route=\/wp\/v2\/pages"}],"about":[{"href":"https:\/\/rent4team.com\/index.php?rest_route=\/wp\/v2\/types\/page"}],"author":[{"embeddable":true,"href":"https:\/\/rent4team.com\/index.php?rest_route=\/wp\/v2\/users\/1"}],"replies":[{"embeddable":true,"href":"https:\/\/rent4team.com\/index.php?rest_route=%2Fwp%2Fv2%2Fcomments&post=21"}],"version-history":[{"count":29,"href":"https:\/\/rent4team.com\/index.php?rest_route=\/wp\/v2\/pages\/21\/revisions"}],"predecessor-version":[{"id":95,"href":"https:\/\/rent4team.com\/index.php?rest_route=\/wp\/v2\/pages\/21\/revisions\/95"}],"wp:attachment":[{"href":"https:\/\/rent4team.com\/index.php?rest_route=%2Fwp%2Fv2%2Fmedia&parent=21"}],"curies":[{"name":"wp","href":"https:\/\/api.w.org\/{rel}","templated":true}]}}